{"id":7,"date":"2020-04-30T13:45:36","date_gmt":"2020-04-30T13:45:36","guid":{"rendered":"http:\/\/knepperges.de\/?page_id=7"},"modified":"2020-05-05T09:15:11","modified_gmt":"2020-05-05T09:15:11","slug":"ueber-uns","status":"publish","type":"page","link":"https:\/\/www.knepperges.de\/?page_id=7","title":{"rendered":"\u00fcber uns"},"content":{"rendered":"\t\t<div data-elementor-type=\"wp-page\" data-elementor-id=\"7\" class=\"elementor elementor-7\" data-elementor-settings=\"[]\">\n\t\t\t\t\t\t<div class=\"elementor-inner\">\n\t\t\t\t\t\t\t<div class=\"elementor-section-wrap\">\n\t\t\t\t\t\t\t<section class=\"elementor-section elementor-top-section elementor-element elementor-element-4d78d8f elementor-section-boxed elementor-section-height-default elementor-section-height-default\" data-id=\"4d78d8f\" data-element_type=\"section\">\n\t\t\t\t\t\t<div class=\"elementor-container elementor-column-gap-default\">\n\t\t\t\t\t\t\t<div class=\"elementor-row\">\n\t\t\t\t\t<div class=\"elementor-column elementor-col-100 elementor-top-column elementor-element elementor-element-97f5584\" data-id=\"97f5584\" data-element_type=\"column\">\n\t\t\t<div class=\"elementor-column-wrap elementor-element-populated\">\n\t\t\t\t\t\t\t<div class=\"elementor-widget-wrap\">\n\t\t\t\t\t\t<div class=\"elementor-element elementor-element-1418bcbf elementor-widget elementor-widget-text-editor\" data-id=\"1418bcbf\" data-element_type=\"widget\" data-widget_type=\"text-editor.default\">\n\t\t\t\t<div class=\"elementor-widget-container\">\n\t\t\t\t\t\t\t\t<div class=\"elementor-text-editor elementor-clearfix\">\n\t\t\t\t\t<!-- wp:paragraph {\"align\":\"center\"} -->\n<p class=\"has-text-align-center\">Ziel ist der sinnvolle Umgang mit Energieresourcen und die Entwicklung nachhaltiger, umweltvertr\u00e4glicher technischer Geb\u00e4ude &#8211; und Anlagenkonzepte.<\/p>\n<!-- \/wp:paragraph -->\n\n<!-- wp:paragraph {\"align\":\"center\"} -->\n<p class=\"has-text-align-center\">Mit Partnern aller Fachrichtungen der technischen Geb\u00e4udeausr\u00fcstung, aus einer in den vergangenen Jahren gewachsenen Struktur, k\u00f6nnen wir Bauvorhaben jeglicher Art und Gr\u00f6\u00dfenordnung bearbeiten.<\/p>\n<!-- \/wp:paragraph -->\n\n<!-- wp:paragraph {\"align\":\"center\"} -->\n<p class=\"has-text-align-center\">Leistungen \/ Gewerke:<br>\u2022 Sanit\u00e4rtechnik<br>\u2022 Feuerl\u00f6schtechnik<br>\u2022 Heizungstechnik<br>\u2022 K\u00e4ltetechnik<br>\u2022 Klimatechnik<br>\u2022 Stark- und Schwachstrom<br>\u2022 Mess-, Steuer-und Regelungstechnik<\/p>\n<!-- \/wp:paragraph -->\t\t\t\t\t<\/div>\n\t\t\t\t\t\t<\/div>\n\t\t\t\t<\/div>\n\t\t\t\t\t\t<\/div>\n\t\t\t\t\t<\/div>\n\t\t<\/div>\n\t\t\t\t\t\t\t\t<\/div>\n\t\t\t\t\t<\/div>\n\t\t<\/section>\n\t\t\t\t\t\t<\/div>\n\t\t\t\t\t\t<\/div>\n\t\t\t\t\t<\/div>\n\t\t","protected":false},"excerpt":{"rendered":"<p>Ziel ist der sinnvolle Umgang mit Energieresourcen und die Entwicklung nachhaltiger, umweltvertr\u00e4glicher technischer Geb\u00e4ude &#8211; und Anlagenkonzepte. Mit Partnern aller Fachrichtungen der technischen Geb\u00e4udeausr\u00fcstung, aus einer in den vergangenen Jahren gewachsenen Struktur, k\u00f6nnen wir Bauvorhaben jeglicher Art und Gr\u00f6\u00dfenordnung bearbeiten. Leistungen \/ Gewerke:\u2022 Sanit\u00e4rtechnik\u2022 Feuerl\u00f6schtechnik\u2022 Heizungstechnik\u2022 K\u00e4ltetechnik\u2022 Klimatechnik\u2022 Stark- und Schwachstrom\u2022 Mess-, Steuer-und Regelungstechnik<\/p>\n","protected":false},"author":1,"featured_media":0,"parent":0,"menu_order":0,"comment_status":"closed","ping_status":"closed","template":"","meta":{"_coblocks_attr":"","_coblocks_dimensions":"","_coblocks_responsive_height":"","_coblocks_accordion_ie_support":""},"_links":{"self":[{"href":"https:\/\/www.knepperges.de\/index.php?rest_route=\/wp\/v2\/pages\/7"}],"collection":[{"href":"https:\/\/www.knepperges.de\/index.php?rest_route=\/wp\/v2\/pages"}],"about":[{"href":"https:\/\/www.knepperges.de\/index.php?rest_route=\/wp\/v2\/types\/page"}],"author":[{"embeddable":true,"href":"https:\/\/www.knepperges.de\/index.php?rest_route=\/wp\/v2\/users\/1"}],"replies":[{"embeddable":true,"href":"https:\/\/www.knepperges.de\/index.php?rest_route=%2Fwp%2Fv2%2Fcomments&post=7"}],"version-history":[{"count":7,"href":"https:\/\/www.knepperges.de\/index.php?rest_route=\/wp\/v2\/pages\/7\/revisions"}],"predecessor-version":[{"id":154,"href":"https:\/\/www.knepperges.de\/index.php?rest_route=\/wp\/v2\/pages\/7\/revisions\/154"}],"wp:attachment":[{"href":"https:\/\/www.knepperges.de\/index.php?rest_route=%2Fwp%2Fv2%2Fmedia&parent=7"}],"curies":[{"name":"wp","href":"https:\/\/api.w.org\/{rel}","templated":true}]}}